{"id":239,"date":"2021-02-06T09:48:00","date_gmt":"2021-02-06T09:48:00","guid":{"rendered":"https:\/\/litho.themezaa.com\/?page_id=239"},"modified":"2023-11-07T12:38:18","modified_gmt":"2023-11-07T12:38:18","slug":"contact","status":"publish","type":"page","link":"https:\/\/granitoshervealao.pt\/fr\/contacto\/","title":{"rendered":"Contact"},"content":{"rendered":"<div data-elementor-type=\"wp-page\" data-elementor-id=\"239\" class=\"elementor elementor-239\">\n\t\t\t\t        <section class=\"elementor-section elementor-top-section elementor-element elementor-element-2aa950b elementor-section-full_width elementor-section-stretched elementor-section-height-default elementor-section-height-default pxl-section-offset-none pxl-row-scroll-none pxl-show-grid-none pxl-section-bg-none pxl-section-grid-bg-false\" data-id=\"2aa950b\" data-element_type=\"section\" data-e-type=\"section\" data-settings=\"{&quot;stretch_section&quot;:&quot;section-stretched&quot;}\">\n\n                \n                <div class=\"elementor-container elementor-column-gap-no\">\n                <div class=\"elementor-column elementor-col-50 elementor-top-column elementor-element elementor-element-8d1013f pxl-column-none\" data-id=\"8d1013f\" data-element_type=\"column\" data-e-type=\"column\" data-settings=\"{&quot;background_background&quot;:&quot;classic&quot;}\">\r\n        <div class=\"elementor-widget-wrap elementor-element-populated\">\r\n                     \r\n        \t\t<div class=\"elementor-element elementor-element-6452596 elementor-widget elementor-widget-pxl_heading\" data-id=\"6452596\" data-element_type=\"widget\" data-e-type=\"widget\" data-widget_type=\"pxl_heading.default\">\n\t\t\t\t<div class=\"elementor-widget-container\">\n\t\t\t\t\t<div class=\"pxl-heading\">\n\t<div class=\"pxl-heading--inner\">\n\t\t\t\t<h2 class=\"pxl-item--title style1 divider-none\" data-wow-delay=\"ms\" data-wow-duration=\"1.2s\">\n\t\t\tContact\t\t\t\t\t<\/h2>\n\t<\/div>\n<\/div>\n\t\t\t\t<\/div>\n\t\t\t\t<\/div>\n\t\t\t\t<div class=\"elementor-element elementor-element-00c60d2 elementor-widget elementor-widget-spacer\" data-id=\"00c60d2\" data-element_type=\"widget\" data-e-type=\"widget\" data-widget_type=\"spacer.default\">\n\t\t\t\t<div class=\"elementor-widget-container\">\n\t\t\t\t\t\t\t<div class=\"elementor-spacer\">\n\t\t\t<div class=\"elementor-spacer-inner\"><\/div>\n\t\t<\/div>\n\t\t\t\t\t\t<\/div>\n\t\t\t\t<\/div>\n\t\t\t\t<div class=\"elementor-element elementor-element-490249a elementor-widget elementor-widget-pxl_text_editor\" data-id=\"490249a\" data-element_type=\"widget\" data-e-type=\"widget\" data-widget_type=\"pxl_text_editor.default\">\n\t\t\t\t<div class=\"elementor-widget-container\">\n\t\t\t\t\t<div class=\"pxl-text-editor\" data-wow-delay=\"ms\" data-wow-duration=\"1.2s\">\n\t<div class=\"pxl-item--inner\">\n\t\tNous sommes charg\u00e9s de prot\u00e9ger votre vie priv\u00e9e. Nous ne collecterons jamais d'informations vous concernant sans votre consentement explicite.\t<\/div>\n<\/div>\n\t\t\t\t<\/div>\n\t\t\t\t<\/div>\n\t\t\t\t<div class=\"elementor-element elementor-element-8f009b2 elementor-widget elementor-widget-spacer\" data-id=\"8f009b2\" data-element_type=\"widget\" data-e-type=\"widget\" data-widget_type=\"spacer.default\">\n\t\t\t\t<div class=\"elementor-widget-container\">\n\t\t\t\t\t\t\t<div class=\"elementor-spacer\">\n\t\t\t<div class=\"elementor-spacer-inner\"><\/div>\n\t\t<\/div>\n\t\t\t\t\t\t<\/div>\n\t\t\t\t<\/div>\n\t\t\t\t<div class=\"elementor-element elementor-element-2aecf18 elementor-widget elementor-widget-pxl_text_editor\" data-id=\"2aecf18\" data-element_type=\"widget\" data-e-type=\"widget\" data-widget_type=\"pxl_text_editor.default\">\n\t\t\t\t<div class=\"elementor-widget-container\">\n\t\t\t\t\t<div class=\"pxl-text-editor\" data-wow-delay=\"ms\" data-wow-duration=\"1.2s\">\n\t<div class=\"pxl-item--inner\">\n\t\t<p>Une \u00e9quipe toujours \u00e0 votre \u00e9coute, demandez-nous un devis:<\/p>\t<\/div>\n<\/div>\n\t\t\t\t<\/div>\n\t\t\t\t<\/div>\n\t\t\t\t<div class=\"elementor-element elementor-element-53cefdc elementor-widget elementor-widget-spacer\" data-id=\"53cefdc\" data-element_type=\"widget\" data-e-type=\"widget\" data-widget_type=\"spacer.default\">\n\t\t\t\t<div class=\"elementor-widget-container\">\n\t\t\t\t\t\t\t<div class=\"elementor-spacer\">\n\t\t\t<div class=\"elementor-spacer-inner\"><\/div>\n\t\t<\/div>\n\t\t\t\t\t\t<\/div>\n\t\t\t\t<\/div>\n\t\t\t\t<div class=\"elementor-element elementor-element-676f53e elementor-icon-list--layout-traditional elementor-list-item-link-full_width elementor-widget elementor-widget-icon-list\" data-id=\"676f53e\" data-element_type=\"widget\" data-e-type=\"widget\" data-widget_type=\"icon-list.default\">\n\t\t\t\t<div class=\"elementor-widget-container\">\n\t\t\t\t\t\t\t<ul class=\"elementor-icon-list-items\">\n\t\t\t\t\t\t\t<li class=\"elementor-icon-list-item\">\n\t\t\t\t\t\t\t\t\t\t\t<span class=\"elementor-icon-list-icon\">\n\t\t\t\t\t\t\t<i aria-hidden=\"true\" class=\"fal fa-map-marker-alt\"><\/i>\t\t\t\t\t\t<\/span>\n\t\t\t\t\t\t\t\t\t\t<span class=\"elementor-icon-list-text\">Rua das Agras, 376, 4475-606 Cast\u00ealo da Maia, Portugal<\/span>\n\t\t\t\t\t\t\t\t\t<\/li>\n\t\t\t\t\t\t\t\t<li class=\"elementor-icon-list-item\">\n\t\t\t\t\t\t\t\t\t\t\t<span class=\"elementor-icon-list-icon\">\n\t\t\t\t\t\t\t<i aria-hidden=\"true\" class=\"fal fa-phone-alt\"><\/i>\t\t\t\t\t\t<\/span>\n\t\t\t\t\t\t\t\t\t\t<span class=\"elementor-icon-list-text\">+351 938829713<\/span>\n\t\t\t\t\t\t\t\t\t<\/li>\n\t\t\t\t\t\t\t\t<li class=\"elementor-icon-list-item\">\n\t\t\t\t\t\t\t\t\t\t\t<span class=\"elementor-icon-list-icon\">\n\t\t\t\t\t\t\t<i aria-hidden=\"true\" class=\"far fa-envelope\"><\/i>\t\t\t\t\t\t<\/span>\n\t\t\t\t\t\t\t\t\t\t<span class=\"elementor-icon-list-text\">info@granitoshervealao.pt<\/span>\n\t\t\t\t\t\t\t\t\t<\/li>\n\t\t\t\t\t\t<\/ul>\n\t\t\t\t\t\t<\/div>\n\t\t\t\t<\/div>\n\t\t\t\t<div class=\"elementor-element elementor-element-24c6400 elementor-widget elementor-widget-spacer\" data-id=\"24c6400\" data-element_type=\"widget\" data-e-type=\"widget\" data-widget_type=\"spacer.default\">\n\t\t\t\t<div class=\"elementor-widget-container\">\n\t\t\t\t\t\t\t<div class=\"elementor-spacer\">\n\t\t\t<div class=\"elementor-spacer-inner\"><\/div>\n\t\t<\/div>\n\t\t\t\t\t\t<\/div>\n\t\t\t\t<\/div>\n\t\t\t\t<div class=\"elementor-element elementor-element-d2cd8a7 e-grid-align-left elementor-shape-rounded elementor-grid-0 elementor-widget elementor-widget-social-icons\" data-id=\"d2cd8a7\" data-element_type=\"widget\" data-e-type=\"widget\" data-widget_type=\"social-icons.default\">\n\t\t\t\t<div class=\"elementor-widget-container\">\n\t\t\t\t\t\t\t<div class=\"elementor-social-icons-wrapper elementor-grid\">\n\t\t\t\t\t\t\t<span class=\"elementor-grid-item\">\n\t\t\t\t\t<a class=\"elementor-icon elementor-social-icon elementor-social-icon-linkedin elementor-repeater-item-e485c0a\" href=\"https:\/\/www.linkedin.com\/company\/herve-alao-unipessoal-lda\/\" target=\"_blank\">\n\t\t\t\t\t\t<span class=\"elementor-screen-only\">Linkedin<\/span>\n\t\t\t\t\t\t<i aria-hidden=\"true\" class=\"fab fa-linkedin\"><\/i>\t\t\t\t\t<\/a>\n\t\t\t\t<\/span>\n\t\t\t\t\t<\/div>\n\t\t\t\t\t\t<\/div>\n\t\t\t\t<\/div>\n\t\t            <\/div>\r\n        <\/div>\r\n                <div class=\"elementor-column elementor-col-50 elementor-top-column elementor-element elementor-element-def74ac pxl-column-none\" data-id=\"def74ac\" data-element_type=\"column\" data-e-type=\"column\">\r\n        <div class=\"elementor-widget-wrap elementor-element-populated\">\r\n                     \r\n        \t\t<div class=\"elementor-element elementor-element-6209909 elementor-widget elementor-widget-pxl_contact_form\" data-id=\"6209909\" data-element_type=\"widget\" data-e-type=\"widget\" data-widget_type=\"pxl_contact_form.default\">\n\t\t\t\t<div class=\"elementor-widget-container\">\n\t\t\t\t\t    <div class=\"pxl-contact-form pxl-contact-form1 style1\" data-wow-delay=\"ms\" data-wow-duration=\"1.2s\">\r\n        \n<div class=\"wpcf7 no-js\" id=\"wpcf7-f6-o1\" lang=\"pt-PT\" dir=\"ltr\" data-wpcf7-id=\"6\">\n<div class=\"screen-reader-response\"><p role=\"status\" aria-live=\"polite\" aria-atomic=\"true\"><\/p> <ul><\/ul><\/div>\n<form action=\"\/fr\/wp-json\/wp\/v2\/pages\/239#wpcf7-f6-o1\" method=\"post\" class=\"wpcf7-form init\" aria-label=\"Formul\u00e1rio de contacto\" novalidate=\"novalidate\" data-status=\"init\" data-trp-original-action=\"\/fr\/wp-json\/wp\/v2\/pages\/239#wpcf7-f6-o1\">\n<fieldset class=\"hidden-fields-container\"><input type=\"hidden\" name=\"_wpcf7\" value=\"6\" \/><input type=\"hidden\" name=\"_wpcf7_version\" value=\"6.1.5\" \/><input type=\"hidden\" name=\"_wpcf7_locale\" value=\"pt_PT\" \/><input type=\"hidden\" name=\"_wpcf7_unit_tag\" value=\"wpcf7-f6-o1\" \/><input type=\"hidden\" name=\"_wpcf7_container_post\" value=\"0\" \/><input type=\"hidden\" name=\"_wpcf7_posted_data_hash\" value=\"\" \/>\n<\/fieldset>\n<p><label> Votre nom *<br \/>\n<span class=\"wpcf7-form-control-wrap\" data-name=\"your-name\"><input size=\"40\" maxlength=\"400\" class=\"wpcf7-form-control wpcf7-text wpcf7-validates-as-required\" aria-required=\"true\" aria-invalid=\"false\" value=\"\" type=\"text\" name=\"your-name\" \/><\/span> <\/label>\n<\/p>\n<p><label> Votre e-mail *<br \/>\n<span class=\"wpcf7-form-control-wrap\" data-name=\"your-email\"><input size=\"40\" maxlength=\"400\" class=\"wpcf7-form-control wpcf7-email wpcf7-validates-as-required wpcf7-text wpcf7-validates-as-email\" aria-required=\"true\" aria-invalid=\"false\" value=\"\" type=\"email\" name=\"your-email\" \/><\/span> <\/label>\n<\/p>\n<p><label> Objet *<br \/>\n<span class=\"wpcf7-form-control-wrap\" data-name=\"your-subject\"><input size=\"40\" maxlength=\"400\" class=\"wpcf7-form-control wpcf7-text wpcf7-validates-as-required\" aria-required=\"true\" aria-invalid=\"false\" value=\"\" type=\"text\" name=\"your-subject\" \/><\/span> <\/label>\n<\/p>\n<p><label> Votre message<br \/>\n<span class=\"wpcf7-form-control-wrap\" data-name=\"your-message\"><textarea cols=\"40\" rows=\"10\" maxlength=\"2000\" class=\"wpcf7-form-control wpcf7-textarea\" aria-invalid=\"false\" name=\"your-message\"><\/textarea><\/span> <\/label>\n<\/p>\n<p><span class=\"wpcf7-form-control-wrap\" data-name=\"acceptance\"><span class=\"wpcf7-form-control wpcf7-acceptance\"><span class=\"wpcf7-list-item\"><label><input type=\"checkbox\" name=\"acceptance\" value=\"1\" aria-invalid=\"false\" \/><span class=\"wpcf7-list-item-label\">J'accepte que les donn\u00e9es soumises soient enregistr\u00e9es. Pour plus de d\u00e9tails sur ce que nous faisons avec les donn\u00e9es, consultez notre <a href=\"\/fr\/politique-de-confidentialite\/\" target=\"_blank\">Politique de Confidentialit\u00e9<\/a>.<\/span><\/label><\/span><\/span><\/span>\n<\/p>\n<p><input class=\"wpcf7-form-control wpcf7-submit has-spinner\" type=\"submit\" value=\"Envoyer\" \/>\n<\/p><div class=\"wpcf7-response-output\" aria-hidden=\"true\"><\/div>\n<input type=\"hidden\" name=\"trp-form-language\" value=\"fr\"\/><\/form>\n<\/div>\n    <\/div>\r\n\t\t\t\t<\/div>\n\t\t\t\t<\/div>\n\t\t            <\/div>\r\n        <\/div>\r\n        \t\t\t<\/div>\n\t\t<\/section>\n\t\t\t\t<\/div>","protected":false},"excerpt":{"rendered":"<p>Contacto Temos o compromisso de proteger a sua privacidade. Nunca coletaremos informa\u00e7\u00f5es sobre si sem o seu consentimento expl\u00edcito. Uma equipa sempre ao seu dispor, pe\u00e7a-nos um or\u00e7amento: Rua das Agras, 376, 4475-606 Cast\u00ealo da Maia, Portugal +351 938829713 info@granitoshervealao.pt Linkedin O seu nome * O seu email * Assunto * A sua mensagem Concordo [&hellip;]<\/p>\n","protected":false},"author":1,"featured_media":0,"parent":0,"menu_order":0,"comment_status":"closed","ping_status":"closed","template":"","meta":{"footnotes":""},"class_list":["post-239","page","type-page","status-publish","hentry"],"yoast_head":"<!-- This site is optimized with the Yoast SEO plugin v27.5 - https:\/\/yoast.com\/product\/yoast-seo-wordpress\/ -->\n<title>Contacto - Herv\u00e9 Al\u00e3o Granitos - Comercializa\u00e7\u00e3o de rochas ornamentais e produtos em granito.<\/title>\n<meta name=\"description\" content=\"A Herv\u00e9 Al\u00e3o Unipessoal Lda. \u00e9 uma empresa portuguesa que exporta diferentes tipos de pedra natural trabalhada (granito, m\u00e1rmore, calc\u00e1rio).\" \/>\n<meta name=\"robots\" content=\"index, follow, max-snippet:-1, max-image-preview:large, max-video-preview:-1\" \/>\n<link rel=\"canonical\" href=\"https:\/\/granitoshervealao.pt\/fr\/contact\/\" \/>\n<meta property=\"og:locale\" content=\"fr_FR\" \/>\n<meta property=\"og:type\" content=\"article\" \/>\n<meta property=\"og:title\" content=\"Contacto - Herv\u00e9 Al\u00e3o Granitos - Comercializa\u00e7\u00e3o de rochas ornamentais e produtos em granito.\" \/>\n<meta property=\"og:description\" content=\"A Herv\u00e9 Al\u00e3o Unipessoal Lda. \u00e9 uma empresa portuguesa que exporta diferentes tipos de pedra natural trabalhada (granito, m\u00e1rmore, calc\u00e1rio).\" \/>\n<meta property=\"og:url\" content=\"https:\/\/granitoshervealao.pt\/fr\/contact\/\" \/>\n<meta property=\"og:site_name\" content=\"Herv\u00e9 Al\u00e3o Granitos\" \/>\n<meta property=\"article:modified_time\" content=\"2023-11-07T12:38:18+00:00\" \/>\n<meta property=\"og:image\" content=\"https:\/\/granitoshervealao.pt\/wp-content\/uploads\/ha-logo_gy.png\" \/>\n\t<meta property=\"og:image:width\" content=\"728\" \/>\n\t<meta property=\"og:image:height\" content=\"277\" \/>\n\t<meta property=\"og:image:type\" content=\"image\/png\" \/>\n<meta name=\"twitter:card\" content=\"summary_large_image\" \/>\n<script type=\"application\/ld+json\" class=\"yoast-schema-graph\">{\"@context\":\"https:\\\/\\\/schema.org\",\"@graph\":[{\"@type\":\"WebPage\",\"@id\":\"https:\\\/\\\/granitoshervealao.pt\\\/contacto\\\/\",\"url\":\"https:\\\/\\\/granitoshervealao.pt\\\/contacto\\\/\",\"name\":\"Contacto - Herv\u00e9 Al\u00e3o Granitos - Comercializa\u00e7\u00e3o de rochas ornamentais e produtos em granito.\",\"isPartOf\":{\"@id\":\"https:\\\/\\\/granitoshervealao.pt\\\/#website\"},\"datePublished\":\"2021-02-06T09:48:00+00:00\",\"dateModified\":\"2023-11-07T12:38:18+00:00\",\"description\":\"A Herv\u00e9 Al\u00e3o Unipessoal Lda. \u00e9 uma empresa portuguesa que exporta diferentes tipos de pedra natural trabalhada (granito, m\u00e1rmore, calc\u00e1rio).\",\"breadcrumb\":{\"@id\":\"https:\\\/\\\/granitoshervealao.pt\\\/contacto\\\/#breadcrumb\"},\"inLanguage\":\"fr-FR\",\"potentialAction\":[{\"@type\":\"ReadAction\",\"target\":[\"https:\\\/\\\/granitoshervealao.pt\\\/contacto\\\/\"]}]},{\"@type\":\"BreadcrumbList\",\"@id\":\"https:\\\/\\\/granitoshervealao.pt\\\/contacto\\\/#breadcrumb\",\"itemListElement\":[{\"@type\":\"ListItem\",\"position\":1,\"name\":\"In\u00edcio\",\"item\":\"https:\\\/\\\/granitoshervealao.pt\\\/\"},{\"@type\":\"ListItem\",\"position\":2,\"name\":\"Contacto\"}]},{\"@type\":\"WebSite\",\"@id\":\"https:\\\/\\\/granitoshervealao.pt\\\/#website\",\"url\":\"https:\\\/\\\/granitoshervealao.pt\\\/\",\"name\":\"Herv\u00e9 Al\u00e3o Granitos\",\"description\":\"Comercializa\u00e7\u00e3o de rochas ornamentais e produtos em granito.\",\"publisher\":{\"@id\":\"https:\\\/\\\/granitoshervealao.pt\\\/#organization\"},\"potentialAction\":[{\"@type\":\"SearchAction\",\"target\":{\"@type\":\"EntryPoint\",\"urlTemplate\":\"https:\\\/\\\/granitoshervealao.pt\\\/?s={search_term_string}\"},\"query-input\":{\"@type\":\"PropertyValueSpecification\",\"valueRequired\":true,\"valueName\":\"search_term_string\"}}],\"inLanguage\":\"fr-FR\"},{\"@type\":\"Organization\",\"@id\":\"https:\\\/\\\/granitoshervealao.pt\\\/#organization\",\"name\":\"Herv\u00e9 Al\u00e3o Granitos\",\"url\":\"https:\\\/\\\/granitoshervealao.pt\\\/\",\"logo\":{\"@type\":\"ImageObject\",\"inLanguage\":\"fr-FR\",\"@id\":\"https:\\\/\\\/granitoshervealao.pt\\\/#\\\/schema\\\/logo\\\/image\\\/\",\"url\":\"https:\\\/\\\/granitoshervealao.pt\\\/wp-content\\\/uploads\\\/ha-logo_gy.png\",\"contentUrl\":\"https:\\\/\\\/granitoshervealao.pt\\\/wp-content\\\/uploads\\\/ha-logo_gy.png\",\"width\":728,\"height\":277,\"caption\":\"Herv\u00e9 Al\u00e3o Granitos\"},\"image\":{\"@id\":\"https:\\\/\\\/granitoshervealao.pt\\\/#\\\/schema\\\/logo\\\/image\\\/\"},\"sameAs\":[\"https:\\\/\\\/www.linkedin.com\\\/company\\\/herve-alao-unipessoal-lda\\\/\"]}]}<\/script>\n<!-- \/ Yoast SEO plugin. -->","yoast_head_json":{"title":"Contact - Herv\u00e9 Al\u00e3o Granitos - Vente de roches ornementales et de produits en granit.","description":"A Herv\u00e9 Al\u00e3o Unipessoal Lda. \u00e9 uma empresa portuguesa que exporta diferentes tipos de pedra natural trabalhada (granito, m\u00e1rmore, calc\u00e1rio).","robots":{"index":"index","follow":"follow","max-snippet":"max-snippet:-1","max-image-preview":"max-image-preview:large","max-video-preview":"max-video-preview:-1"},"canonical":"https:\/\/granitoshervealao.pt\/fr\/contact\/","og_locale":"fr_FR","og_type":"article","og_title":"Contacto - Herv\u00e9 Al\u00e3o Granitos - Comercializa\u00e7\u00e3o de rochas ornamentais e produtos em granito.","og_description":"A Herv\u00e9 Al\u00e3o Unipessoal Lda. \u00e9 uma empresa portuguesa que exporta diferentes tipos de pedra natural trabalhada (granito, m\u00e1rmore, calc\u00e1rio).","og_url":"https:\/\/granitoshervealao.pt\/fr\/contact\/","og_site_name":"Herv\u00e9 Al\u00e3o Granitos","article_modified_time":"2023-11-07T12:38:18+00:00","og_image":[{"width":728,"height":277,"url":"https:\/\/granitoshervealao.pt\/wp-content\/uploads\/ha-logo_gy.png","type":"image\/png"}],"twitter_card":"summary_large_image","schema":{"@context":"https:\/\/schema.org","@graph":[{"@type":"WebPage","@id":"https:\/\/granitoshervealao.pt\/contacto\/","url":"https:\/\/granitoshervealao.pt\/contacto\/","name":"Contact - Herv\u00e9 Al\u00e3o Granitos - Vente de roches ornementales et de produits en granit.","isPartOf":{"@id":"https:\/\/granitoshervealao.pt\/#website"},"datePublished":"2021-02-06T09:48:00+00:00","dateModified":"2023-11-07T12:38:18+00:00","description":"A Herv\u00e9 Al\u00e3o Unipessoal Lda. \u00e9 uma empresa portuguesa que exporta diferentes tipos de pedra natural trabalhada (granito, m\u00e1rmore, calc\u00e1rio).","breadcrumb":{"@id":"https:\/\/granitoshervealao.pt\/contacto\/#breadcrumb"},"inLanguage":"fr-FR","potentialAction":[{"@type":"ReadAction","target":["https:\/\/granitoshervealao.pt\/contacto\/"]}]},{"@type":"BreadcrumbList","@id":"https:\/\/granitoshervealao.pt\/contacto\/#breadcrumb","itemListElement":[{"@type":"ListItem","position":1,"name":"In\u00edcio","item":"https:\/\/granitoshervealao.pt\/"},{"@type":"ListItem","position":2,"name":"Contacto"}]},{"@type":"WebSite","@id":"https:\/\/granitoshervealao.pt\/#website","url":"https:\/\/granitoshervealao.pt\/","name":"Herv\u00e9 Al\u00e3o Granitos","description":"Comercializa\u00e7\u00e3o de rochas ornamentais e produtos em granito.","publisher":{"@id":"https:\/\/granitoshervealao.pt\/#organization"},"potentialAction":[{"@type":"SearchAction","target":{"@type":"EntryPoint","urlTemplate":"https:\/\/granitoshervealao.pt\/?s={search_term_string}"},"query-input":{"@type":"PropertyValueSpecification","valueRequired":true,"valueName":"search_term_string"}}],"inLanguage":"fr-FR"},{"@type":"Organization","@id":"https:\/\/granitoshervealao.pt\/#organization","name":"Herv\u00e9 Al\u00e3o Granitos","url":"https:\/\/granitoshervealao.pt\/","logo":{"@type":"ImageObject","inLanguage":"fr-FR","@id":"https:\/\/granitoshervealao.pt\/#\/schema\/logo\/image\/","url":"https:\/\/granitoshervealao.pt\/wp-content\/uploads\/ha-logo_gy.png","contentUrl":"https:\/\/granitoshervealao.pt\/wp-content\/uploads\/ha-logo_gy.png","width":728,"height":277,"caption":"Herv\u00e9 Al\u00e3o Granitos"},"image":{"@id":"https:\/\/granitoshervealao.pt\/#\/schema\/logo\/image\/"},"sameAs":["https:\/\/www.linkedin.com\/company\/herve-alao-unipessoal-lda\/"]}]}},"_links":{"self":[{"href":"https:\/\/granitoshervealao.pt\/fr\/wp-json\/wp\/v2\/pages\/239","targetHints":{"allow":["GET"]}}],"collection":[{"href":"https:\/\/granitoshervealao.pt\/fr\/wp-json\/wp\/v2\/pages"}],"about":[{"href":"https:\/\/granitoshervealao.pt\/fr\/wp-json\/wp\/v2\/types\/page"}],"author":[{"embeddable":true,"href":"https:\/\/granitoshervealao.pt\/fr\/wp-json\/wp\/v2\/users\/1"}],"replies":[{"embeddable":true,"href":"https:\/\/granitoshervealao.pt\/fr\/wp-json\/wp\/v2\/comments?post=239"}],"version-history":[{"count":0,"href":"https:\/\/granitoshervealao.pt\/fr\/wp-json\/wp\/v2\/pages\/239\/revisions"}],"wp:attachment":[{"href":"https:\/\/granitoshervealao.pt\/fr\/wp-json\/wp\/v2\/media?parent=239"}],"curies":[{"name":"wp","href":"https:\/\/api.w.org\/{rel}","templated":true}]}}